{"id":335,"date":"2018-01-22T15:09:43","date_gmt":"2018-01-22T19:09:43","guid":{"rendered":"http:\/\/ayuntamiento.o\/transparencia\/?page_id=335"},"modified":"2023-09-15T12:43:22","modified_gmt":"2023-09-15T16:43:22","slug":"lista-de-proveedores","status":"publish","type":"page","link":"https:\/\/juntadistritallaortega.gob.do\/transparencia\/lista-de-proveedores\/","title":{"rendered":"Lista de proveedores"},"content":{"rendered":"\n\n\n<p>En cumplimiento con las disposiciones de la Ley 340-06 sobre Compras y Contrataciones , el Ayuntamiento\u00a0 utiliza \u00fanica y exclusivamente los proveedores calificados por la Direcci\u00f3n General de Contrataciones P\u00fablicas, a trav\u00e9s del Registro de Proveedores del Estado (RPE).<\/p>\n<h1><strong>IMPORTANCIA DE PUBLICAR UNA LISTA DE PROVEEDORES<\/strong><\/h1>\n<h2>Mejorando la Transparencia del Gobierno Local<\/h2>\n<p>La transparencia es un pilar fundamental de cualquier gobierno democr\u00e1tico. Publicar una lista de proveedores del gobierno local es una forma efectiva de mostrar a los ciudadanos c\u00f3mo se est\u00e1n utilizando los fondos p\u00fablicos. Cuando los ciudadanos pueden acceder f\u00e1cilmente a esta informaci\u00f3n, se fortalece la confianza en las instituciones gubernamentales.<\/p>\n<h2>Fomentando la Competencia Justa<\/h2>\n<p>Una lista de proveedores del gobierno local tambi\u00e9n promueve la competencia justa entre las empresas locales. Al tener acceso a esta lista, las empresas pueden identificar oportunidades para colaborar con el gobierno en la prestaci\u00f3n de servicios y suministros. Esto no solo fomenta la competencia, sino que tambi\u00e9n puede llevar a precios m\u00e1s competitivos y una mayor calidad en los servicios contratados.<\/p>\n<h2>Detalles claves para publicar la lista de proveedores del Gobierno Local.<\/h2>\n<h3>1. Mantener la Lista Actualizada<\/h3>\n<p>Es crucial mantener la lista de proveedores del gobierno local actualizada. Esto garantiza que la informaci\u00f3n sea precisa y \u00fatil para aquellos que la consultan. Utilice herramientas y sistemas de gesti\u00f3n eficientes para mantener la lista al d\u00eda.<\/p>\n<h3>2. Facilitar el Acceso<\/h3>\n<p>Haga que la lista sea de f\u00e1cil acceso para el p\u00fablico en general. Publ\u00edquela en el sitio web oficial del gobierno local y aseg\u00farese de que sea de f\u00e1cil navegaci\u00f3n. Cuanto m\u00e1s accesible sea, m\u00e1s personas podr\u00e1n beneficiarse de ella.<\/p>\n<h3>3. Proporcionar Informaci\u00f3n Detallada<\/h3>\n<p>La lista debe incluir informaci\u00f3n detallada sobre cada proveedor, como su nombre, direcci\u00f3n, servicios ofrecidos y contactos relevantes. Cuanta m\u00e1s informaci\u00f3n se proporcione, m\u00e1s valiosa ser\u00e1 la lista.<\/p>\n<p>\u00a0<\/p>\n","protected":false},"excerpt":{"rendered":"En cumplimiento con las disposiciones de la Ley 340-06 sobre Compras y Contrataciones , el Ayuntamiento\u00a0 utiliza \u00fanica y exclusivamente los proveedores calificados por la Direcci\u00f3n General de Contrataciones P\u00fablicas, a trav\u00e9s del Registro de Proveedores del Estado (RPE). IMPORTANCIA DE PUBLICAR UNA LISTA DE PROVEEDORES Mejorando la Transparencia del Gobierno Local La transparencia es&#8230;","protected":false},"author":1,"featured_media":0,"parent":0,"menu_order":0,"comment_status":"closed","ping_status":"closed","template":"","meta":[],"acf":[],"_links":{"self":[{"href":"https:\/\/juntadistritallaortega.gob.do\/transparencia\/wp-json\/wp\/v2\/pages\/335"}],"collection":[{"href":"https:\/\/juntadistritallaortega.gob.do\/transparencia\/wp-json\/wp\/v2\/pages"}],"about":[{"href":"https:\/\/juntadistritallaortega.gob.do\/transparencia\/wp-json\/wp\/v2\/types\/page"}],"author":[{"embeddable":true,"href":"https:\/\/juntadistritallaortega.gob.do\/transparencia\/wp-json\/wp\/v2\/users\/1"}],"replies":[{"embeddable":true,"href":"https:\/\/juntadistritallaortega.gob.do\/transparencia\/wp-json\/wp\/v2\/comments?post=335"}],"version-history":[{"count":4,"href":"https:\/\/juntadistritallaortega.gob.do\/transparencia\/wp-json\/wp\/v2\/pages\/335\/revisions"}],"predecessor-version":[{"id":466,"href":"https:\/\/juntadistritallaortega.gob.do\/transparencia\/wp-json\/wp\/v2\/pages\/335\/revisions\/466"}],"wp:attachment":[{"href":"https:\/\/juntadistritallaortega.gob.do\/transparencia\/wp-json\/wp\/v2\/media?parent=335"}],"curies":[{"name":"wp","href":"https:\/\/api.w.org\/{rel}","templated":true}]}}