{"id":56,"date":"2017-12-12T10:55:12","date_gmt":"2017-12-12T14:55:12","guid":{"rendered":"http:\/\/ayuntamiento.guineo\/transparencia\/?page_id=56"},"modified":"2023-09-12T12:28:29","modified_gmt":"2023-09-12T16:28:29","slug":"derechos-de-los-ciudadanos","status":"publish","type":"page","link":"https:\/\/juntadistritallaortega.gob.do\/transparencia\/derechos-de-los-ciudadanos\/","title":{"rendered":"Derechos de los Ciudadanos"},"content":{"rendered":"\n<p><strong>Deberes del ciudadano en los servicios de recolecci\u00f3n de residuos s\u00f3lidos, limpieza y aseo de espacios p\u00fablicos.<\/strong><\/p>\n<p>Seg\u00fan establecen los 9 art\u00edculos de la Ley No. 120-99 que proh\u00edbe a toda persona f\u00edsica o moral tirar desperdicios s\u00f3lidos y de cualesquiera naturalezas en calles, aceras, parques, carreteras, contenes, caminos, balnearios, mares, r\u00edos y dem\u00e1s lugares p\u00fablicos. El art\u00edculo No. 5 se encuentra en el apartado de los derechos.<\/p>\n<ol>\n<li>Art\u00edculo 1.- Se proh\u00edbe a toda persona f\u00edsica o moral tirar desperdicios s\u00f3lidos y de cualesquiera naturalezas en las calles, aceras, contenes, parques, carreteras, caminos, balnearios, mares, r\u00edos, ca\u00f1adas, arroyos y canales de riego, playas, plazas y otros sitios de esparcimiento y dem\u00e1s lugares p\u00fablicos.<\/li>\n<li>Art\u00edculo 2.- Se proh\u00edbe a los propietarios e inquilinos de hogares y establecimientos comerciales sacar basura, desechos o desperdicios en horas distintas a las establecidas por las disposiciones municipales correspondientes.<\/li>\n<li>Art\u00edculo 3.- Una vez colocada la basura en los recipientes y en los lugares donde debe ser recogida, se proh\u00edbe desorganizarla, rebuscar en ella, virar los zafacones, romper los recipientes donde hayan sido depositados los residuos.<\/li>\n<li>Art\u00edculo 4.- Las personas que sean sorprendidas tirando basura, desechos o desperdicios de cualquier tipo, del tama\u00f1o que fuere, en los lugares p\u00fablicos, ser\u00e1n condenados a las penas de dos (2) hasta diez (10) d\u00edas de prisi\u00f3n o multas de quinientos (RD$ 500.00) a mil (RD$ 1,000.00) pesos, o ambas penas a la vez.<\/li>\n<li>Art\u00edculo 6.- Los juzgados de paz de Asuntos municipales ser\u00e1n competentes para conocer de las violaciones de la presente ley. All\u00ed donde no existan, ser\u00e1n competentes los juzgados de paz ordinarios.<\/li>\n<li>Art\u00edculo 7. Todo ciudadano tendr\u00e1 la obligaci\u00f3n de mantener limpio e higienizado el frente de su residencia o establecimiento y recoger la basura, desecho o desperdicios que se encuentren en su acera.<\/li>\n<li>Art\u00edculo 8. El cumplimiento de esta ley ser\u00e1 responsabilidad exclusiva de los ayuntamientos correspondientes y de la Polic\u00eda Nacional.<\/li>\n<li>Art\u00edculo 9.- La presente ley deroga toda disposici\u00f3n anterior que le sea contraria.<\/li>\n<\/ol>\n<p><strong>\u00a0<\/strong><\/p>\n<p><strong>Otros deberes:<\/strong><\/p>\n<ol start=\"9\">\n<li>Los ciudadanos tienen el deber de cumplir con el compromiso de pago del arbitrio correspondiente a la recolecci\u00f3n de residuos s\u00f3lidos establecido por el Ayuntamiento Municipal de Moca, en tiempo h\u00e1bil, y evitar atrasos en dicho compromiso.<\/li>\n<li>Los ciudadanos deben contribuir a ser vigilantes en conservar y denunciar cualquier acto delictivo que afecte la integridad del personal, los equipos de recolecci\u00f3n (camiones, volteos, entre otros), los contenedores, los zafacones,carteles informativos y las herramientas de recolecci\u00f3n de residuos s\u00f3lidos, as\u00ed como de limpieza y aseo de espacios p\u00fablicos.<\/li>\n<li>En los casos de personas, empresas urbanizadoras y dem\u00e1s propietarios de solares sin construcci\u00f3n o con mejoras (construcci\u00f3n a medias), tienen el deber y responsabilidad de mantenerlos limpios en su interior y per\u00edmetro.<\/li>\n<\/ol>\n<p><strong>\u00a0<\/strong><\/p>\n<p><strong>Derechos del ciudadano en los servicios de recolecci\u00f3n de residuos s\u00f3lidos, limpieza y aseo de espacios p\u00fablicos.<\/strong><\/p>\n<ol>\n<li>El Ayuntamiento es responsable de la gesti\u00f3n de los residuos s\u00f3lidos no peligrosos generados en su territorio para todo inmueble, es decir, residencial, comercial, industrial, instalaciones p\u00fablicas y los generados en las v\u00edas p\u00fablicas.<\/li>\n<li>Derecho de recibir informaci\u00f3n clara y oportuna sobre los d\u00edas y horarios de recolecci\u00f3n, as\u00ed como sobre cualquier cambio en el servicio.<\/li>\n<li>El ciudadano puede hacer sus quejas y sugerencias ante irregularidades o deficiencias en el servicio de recolecci\u00f3n de residuos s\u00f3lidos y limpieza de calles, por las v\u00edas establecidas en la Carta Compromiso al Ciudadano.<\/li>\n<li>Derecho de solicitar servicios especiales de recolecci\u00f3n para desechos voluminosos o residuos peligrosos.<\/li>\n<li>El ayuntamiento debe motivar e implementar programas de reciclaje y separaci\u00f3n de residuos en el municipio, en beneficio del medio ambiente.<\/li>\n<li>Derecho de recibir educaci\u00f3n y concientizaci\u00f3n sobre la importancia del manejo adecuado de los residuos s\u00f3lidos.<\/li>\n<li>El ciudadano tiene el derecho de participar a trav\u00e9s de mecanismos de participaci\u00f3n ciudadana en la toma de decisiones y pol\u00edticas relacionadas con la gesti\u00f3n de residuos s\u00f3lidos, limpieza y aseo de los espacios p\u00fablicos.<\/li>\n<li>Derecho a vivir en un entorno limpio y saludable, donde se garantice una adecuada gesti\u00f3n de los residuos s\u00f3lidos y el barrido de las calles principales.<\/li>\n<li>Con base en la Ley No. 120-99, en el art\u00edculo 5 establece lo siguiente: \u201cEl producto de las recaudaciones que se generan por concepto de la aplicaci\u00f3n de esta ley (multas y\/o sanciones) ser\u00e1 especializado por los ayuntamientos para un fondo destinado a la confecci\u00f3n de fundas pl\u00e1sticas para la recogida de basura, las que podr\u00e1n ser vendidas al p\u00fablico al costo de su fabricaci\u00f3n, los recursos que excedan se emplear\u00e1n en un fondo para educaci\u00f3n ciudadana sobre el manejo de desperdicios\u201d.<\/li>\n<\/ol>\n\n\n","protected":false},"excerpt":{"rendered":"Deberes del ciudadano en los servicios de recolecci\u00f3n de residuos s\u00f3lidos, limpieza y aseo de espacios p\u00fablicos. Seg\u00fan establecen los 9 art\u00edculos de la Ley No. 120-99 que proh\u00edbe a toda persona f\u00edsica o moral tirar desperdicios s\u00f3lidos y de cualesquiera naturalezas en calles, aceras, parques, carreteras, contenes, caminos, balnearios, mares, r\u00edos y dem\u00e1s lugares&#8230;","protected":false},"author":1,"featured_media":0,"parent":0,"menu_order":0,"comment_status":"closed","ping_status":"closed","template":"","meta":[],"acf":[],"_links":{"self":[{"href":"https:\/\/juntadistritallaortega.gob.do\/transparencia\/wp-json\/wp\/v2\/pages\/56"}],"collection":[{"href":"https:\/\/juntadistritallaortega.gob.do\/transparencia\/wp-json\/wp\/v2\/pages"}],"about":[{"href":"https:\/\/juntadistritallaortega.gob.do\/transparencia\/wp-json\/wp\/v2\/types\/page"}],"author":[{"embeddable":true,"href":"https:\/\/juntadistritallaortega.gob.do\/transparencia\/wp-json\/wp\/v2\/users\/1"}],"replies":[{"embeddable":true,"href":"https:\/\/juntadistritallaortega.gob.do\/transparencia\/wp-json\/wp\/v2\/comments?post=56"}],"version-history":[{"count":2,"href":"https:\/\/juntadistritallaortega.gob.do\/transparencia\/wp-json\/wp\/v2\/pages\/56\/revisions"}],"predecessor-version":[{"id":441,"href":"https:\/\/juntadistritallaortega.gob.do\/transparencia\/wp-json\/wp\/v2\/pages\/56\/revisions\/441"}],"wp:attachment":[{"href":"https:\/\/juntadistritallaortega.gob.do\/transparencia\/wp-json\/wp\/v2\/media?parent=56"}],"curies":[{"name":"wp","href":"https:\/\/api.w.org\/{rel}","templated":true}]}}